{"id":170,"date":"2018-05-08T08:13:41","date_gmt":"2018-05-08T08:13:41","guid":{"rendered":"http:\/\/expert-themes.com\/wp\/global-industry\/?page_id=170"},"modified":"2019-11-05T21:32:04","modified_gmt":"2019-11-05T18:32:04","slug":"biz-kimiz","status":"publish","type":"page","link":"http:\/\/akmasmadencilik.com\/index.php\/biz-kimiz\/","title":{"rendered":"B\u0130Z K\u0130M\u0130Z?"},"content":{"rendered":"<p><section class=\"kc-elm kc-css-993582 kc_row\"><div class=\"kc-row-container\"><div class=\"kc-wrap-columns\"><div class=\"kc-elm kc-css-776245 kc_col-sm-12 kc_column kc_col-sm-12\"><div class=\"kc-col-container\"><!--Welcome Section-->\n<section class=\"welcome-section\">\n    <div class=\"auto-container\">\n        <div class=\"row clearfix\">\n            \n            <!--Content Column-->\n            <div class=\"content-column col-md-7 col-sm-12 col-xs-12\">\n                <div class=\"inner-column\">\n                    <h2><span>B\u0130Z K\u0130M\u0130Z? <\/span><\/h2>\n                    <div class=\"text\">\n                        <p><b><span>\u0130\u015fletmemiz 1980 y\u0131l\u0131nda babam\u0131z Ahmet YILDIZ taraf\u0131ndan maden \u00fcretimine ba\u015flam\u0131\u015ft\u0131r. Ahmet YILDIZ\u2019\u0131n vefat\u0131ndan sonra, 2005 y\u0131l\u0131nda yeniden yap\u0131lanm\u0131\u015f, <a href=\"http:\/\/akmasmadencilik.com\/index.php\/manyezit-nedir\/\">manyezit<\/a> \u00fcretimi ve i\u015fletmecili\u011fine aile \u015firketi olarak devam etmektedir.\r\nFaaliyet g\u00f6sterdi\u011fimiz sahan\u0131n i\u015fletme ruhsat\u0131, AKMA\u015e MADENC\u0130L\u0130K NAKL\u0130YAT, \u0130N\u015eAAT, SANAY\u0130 VE T\u0130CARET L\u0130M\u0130TED \u015e\u0130RKET\u0130NE aittir.<\/span><\/b><\/p>\n                        <h3><\/h3>\n                        <p><b>Tahmini g\u00f6r\u00fcnen rezerv; 2,5-3.000.000 ton olarak hesaplanm\u0131\u015f,kesin rezerv tespiti i\u00e7in sondaj \u00e7al\u0131\u015fmalar\u0131 saham\u0131zda devam etmektedir.\r\n<\/b>\r\n<b>\u0130\u015fletmemizdeki manyezit yataklar\u0131,serpantinle\u015fmi\u015f ultramafik kaya\u00e7lar\u0131n k\u0131r\u0131k ve \u00e7atlaklar\u0131n\u0131 dolduran damar ve stokverk (a\u011fs\u0131) \u015feklinde olu\u015fmu\u015ftur.<\/p>\r\n<p>Makine park\u0131m\u0131z;<br \/>-Kawasaki 85 ZIV Loader<br \/>-Volvo L120c Loader<br \/>-New Holland 385 Ekskavat\u00f6r<br \/>-2 adet BMC Pro 827 Kamyon<br \/>-Mercedes Axor 3028 Kamyon<br \/>olarak devam etmektedir. Kapasitemizi artt\u0131rmak i\u00e7in yat\u0131r\u0131mlar\u0131m\u0131za devam etmekteyiz.<\/b>\r\n\r\n<\/p>\n                    <\/div>\n                    <a href=\"http:\/\/akmasmadencilik.com\/index.php\/hizmetlerimiz\/\" class=\"theme-btn btn-style-three\">H\u0130ZMETLER\u0130M\u0130Z<\/a>\n                <\/div>\n            <\/div>\n            \n            <!--image Column-->\n            <div class=\"image-column col-md-5 col-sm-12 col-xs-12\">\n                <div class=\"image\">\n                    <img decoding=\"async\" src=\"http:\/\/akmasmadencilik.com\/wp-content\/uploads\/2019\/11\/biz-kimiz-anasayfa.jpg\" alt=\"Welcome banner Image\" \/>\n                <\/div>\n            <\/div>\n            \n        <\/div>\n    <\/div>\n<\/section>\n<!--End Welcome Section--><\/div><\/div><\/div><\/div><\/section><section class=\"kc-elm kc-css-255989 kc_row\"><div class=\"kc-row-container\"><div class=\"kc-wrap-columns\"><div class=\"kc-elm kc-css-546466 kc_col-sm-12 kc_column kc_col-sm-12\"><div class=\"kc-col-container\"> \r\n<\/div><\/div><\/div><\/div><\/section><section class=\"kc-elm kc-css-115808 kc_row\"><div class=\"kc-row-container\"><div class=\"kc-wrap-columns\"><div class=\"kc-elm kc-css-578944 kc_col-sm-12 kc_column kc_col-sm-12\"><div class=\"kc-col-container\"><!--Counter Section-->\n<section class=\"counter-section\" style=\"background-image:url('http:\/\/expert-themes.com\/wp\/global-industry\/wp-content\/uploads\/2018\/06\/3.jpg')\"\">\n    <div class=\"auto-container\">\n        <div class=\"row clearfix\">\n            \n            <!--Counter Column-->\n            <div class=\"counter-main-column col-md-8 col-sm-12 col-xs-12\">\n                <div class=\"inner-column\">\n                    \n                    <div class=\"fact-counter\">\n            \n                        <div class=\"row clearfix\">\n                        \t                            <!--Column-->\n                            <div class=\"column counter-column col-md-4 col-sm-4 col-xs-12\">\n                                <div class=\"inner\">\n                                    <div class=\"count-outer count-box\">\n                                        <span class=\"count-text\" data-speed=\"3500\" data-stop=\"1200\">0<\/span>+                                    <\/div>\n                                    <h4 class=\"counter-title\">Projects<\/h4>\n                                <\/div>\n                            <\/div>\n                    \t\t                            <!--Column-->\n                            <div class=\"column counter-column col-md-4 col-sm-4 col-xs-12\">\n                                <div class=\"inner\">\n                                    <div class=\"count-outer count-box\">\n                                        <span class=\"count-text\" data-speed=\"3500\" data-stop=\"800\">0<\/span>+                                    <\/div>\n                                    <h4 class=\"counter-title\">Clients<\/h4>\n                                <\/div>\n                            <\/div>\n                    \t\t                            <!--Column-->\n                            <div class=\"column counter-column col-md-4 col-sm-4 col-xs-12\">\n                                <div class=\"inner\">\n                                    <div class=\"count-outer count-box\">\n                                        <span class=\"count-text\" data-speed=\"3500\" data-stop=\"99\">0<\/span>%                                    <\/div>\n                                    <h4 class=\"counter-title\">Satisfaction<\/h4>\n                                <\/div>\n                            <\/div>\n                    \t\t                        <\/div>\n                        \n                    <\/div>\n                    \n                <\/div>\n            <\/div>\n            <!--Image Column-->\n            <div class=\"image-column col-md-4 col-sm-12 col-xs-12\">\n                <div class=\"image\">\n                    <img decoding=\"async\" src=\"http:\/\/akmasmadencilik.com\/wp-content\/uploads\/2018\/06\/image-2.png\" alt=\"Fun Fact Image\" \/>\n                <\/div>\n            <\/div>\n            \n        <\/div>\n    <\/div>\n<\/section>\n<!--End Counter Section--><\/div><\/div><\/div><\/div><\/section><section class=\"kc-elm kc-css-141030 kc_row\"><div class=\"kc-row-container\"><div class=\"kc-wrap-columns\"><div class=\"kc-elm kc-css-525284 kc_col-sm-12 kc_column kc_col-sm-12\"><div class=\"kc-col-container\"><!--Subscribe Section-->\n<section class=\"subscribe-section\">\n    <div class=\"auto-container\">\n        <div class=\"row clearfix\">\n            <div class=\"title-column col-md-6 col-sm-12 col-xs-12\">\n                <h2>Keep Up To Date<\/h2>\n                <div class=\"text\">Sign up for our newsletter and follow us on social media<\/div>\n            <\/div>\n            <div class=\"column col-md-6 col-sm-12 col-xs-12\">\n                <div class=\"subscribe-form-two\">\n                    <form method=\"get\" action=\"http:\/\/feedburner.google.com\/fb\/a\/mailverify\" accept-charset=\"utf-8\">\n                        <div class=\"form-group\">\n                            <input type=\"hidden\" id=\"uri3\" name=\"uri\" value=\"themeforest\">\n                            <input type=\"email\" name=\"email\" value=\"\" placeholder=\"Your email address\" required>\n                            <button type=\"submit\" class=\"theme-btn\">Subscribe<\/button>\n                        <\/div>\n                    <\/form>\n                <\/div>\n            <\/div>\n        <\/div>\n    <\/div>\n<\/section>\n<!--End Subscribe Section--><\/div><\/div><\/div><\/div><\/section><\/p>\n","protected":false},"excerpt":{"rendered":"","protected":false},"author":1,"featured_media":0,"parent":0,"menu_order":0,"comment_status":"closed","ping_status":"closed","template":"tpl-king_composer.php","meta":{"footnotes":""},"class_list":["post-170","page","type-page","status-publish","hentry"],"_links":{"self":[{"href":"http:\/\/akmasmadencilik.com\/index.php\/wp-json\/wp\/v2\/pages\/170","targetHints":{"allow":["GET"]}}],"collection":[{"href":"http:\/\/akmasmadencilik.com\/index.php\/wp-json\/wp\/v2\/pages"}],"about":[{"href":"http:\/\/akmasmadencilik.com\/index.php\/wp-json\/wp\/v2\/types\/page"}],"author":[{"embeddable":true,"href":"http:\/\/akmasmadencilik.com\/index.php\/wp-json\/wp\/v2\/users\/1"}],"replies":[{"embeddable":true,"href":"http:\/\/akmasmadencilik.com\/index.php\/wp-json\/wp\/v2\/comments?post=170"}],"version-history":[{"count":49,"href":"http:\/\/akmasmadencilik.com\/index.php\/wp-json\/wp\/v2\/pages\/170\/revisions"}],"predecessor-version":[{"id":1418,"href":"http:\/\/akmasmadencilik.com\/index.php\/wp-json\/wp\/v2\/pages\/170\/revisions\/1418"}],"wp:attachment":[{"href":"http:\/\/akmasmadencilik.com\/index.php\/wp-json\/wp\/v2\/media?parent=170"}],"curies":[{"name":"wp","href":"https:\/\/api.w.org\/{rel}","templated":true}]}}