{"id":281,"date":"2018-05-08T11:49:58","date_gmt":"2018-05-08T11:49:58","guid":{"rendered":"http:\/\/expert-themes.com\/wp\/global-industry\/?page_id=281"},"modified":"2020-08-26T12:28:30","modified_gmt":"2020-08-26T09:28:30","slug":"bize-ulasin","status":"publish","type":"page","link":"http:\/\/akmasmadencilik.com\/index.php\/bize-ulasin\/","title":{"rendered":"B\u0130ZE ULA\u015eIN"},"content":{"rendered":"<p><section class=\"kc-elm kc-css-531212 kc_row\"><div class=\"kc-row-container  kc-container\"><div class=\"kc-wrap-columns\"><div class=\"kc-elm kc-css-997734 kc_col-sm-12 kc_column kc_col-sm-12\"><div class=\"kc-col-container\"><div class=\"kc-elm kc-css-810972\" style=\"height: 53px; clear: both; width:100%;\"><\/div><div class=\"kc-elm kc-css-371811 kc_row kc_row_inner\"><div class=\"kc-elm kc-css-589903 kc_col-sm-6 kc_column_inner kc_col-sm-6\"><div class=\"kc_wrapper kc-col-inner-container\"><div class=\"kc-elm kc-css-310419 kc_text_block\"><\/p>\n<div class=\"inner-column\">\n<div class=\"logo\"><a href=\"http:\/\/akmasmadencilik.com\/\"><img decoding=\"async\" src=\"http:\/\/akmasmadencilik.com\/wp-content\/uploads\/2019\/10\/akmas-madencilik-logo-1-1-300x47.png\" alt=\"Logo\" \/><\/a><\/div>\n<div>\u00a0<\/div>\n<div class=\"text\">\u00a0<\/div>\n<p><!--List Style Three--><\/p>\n<p><strong>Telefon: <\/strong>0222 225 34 32 Pzt &#8211; Cuma \/ 09:00 &#8211; 18:00<br \/><strong>E-mail:<\/strong> info@akmasmadencilik.com<br \/><strong>Adres: <\/strong>\u0130stiklal Mah. Konuk Sk.<br \/>28 D:9 Odunpazar\u0131, Eski\u015fehirErenk\u00f6y Mah. Erenk\u00f6y Sk. No:192<br \/>\u0130n\u00f6n\u00fc, Eski\u015fehir &#8211; T\u00fcrkiye<\/p>\n<\/div>\n<p>\n<\/div><\/div><\/div><div class=\"kc-elm kc-css-466509 kc_col-sm-6 kc_column_inner kc_col-sm-6\"><div class=\"kc_wrapper kc-col-inner-container\"><div class=\"kc-elm kc-css-432640 kc_text_block\"><\/p>\n<p>\n<iframe loading=\"lazy\" style=\"border: 0;\" src=\"https:\/\/www.google.com\/maps\/embed?pb=!1m18!1m12!1m3!1d455.8428946756136!2d30.515287312020767!3d39.772586880118986!2m3!1f0!2f0!3f0!3m2!1i1024!2i768!4f13.1!3m3!1m2!1s0x14cc17f4f29cde35%3A0x5a8ca4fdf26dfa5b!2zQUtNQcWeIE1BREVOQ8SwTMSwSw!5e0!3m2!1str!2str!4v1572891656877!5m2!1str!2str\" width=\"100%\" height=\"300\" frameborder=\"0\" allowfullscreen=\"allowfullscreen\"><\/iframe><\/p>\n<p>\n<\/div><\/div><\/div><\/div><\/div><\/div><\/div><\/div><\/section><section class=\"kc-elm kc-css-211184 kc_row\"><div class=\"kc-row-container\"><div class=\"kc-wrap-columns\"><div class=\"kc-elm kc-css-904758 kc_col-sm-12 kc_column kc_col-sm-12\"><div class=\"kc-col-container\">\n<!--Map Section-->\n<section class=\"contact-map-section\">\n    <!--Map Outer-->\n    <div class=\"map-outer\">\n        <!--Map Canvas-->\n        <div class=\"map-canvas\"\n            data-zoom=\"12\"\n            data-lat=\"-37.817085\"\n            data-lng=\"144.955631\"\n            data-type=\"roadmap\"\n            data-hue=\"#ffc400\"\n            data-title=\"Envato\"\n            data-icon-path=\"http:\/\/akmasmadencilik.com\/wp-content\/uploads\/2018\/08\/map-marker.png\"\n            data-content=\"Melbourne VIC 3000, Australia<br><a href='mailto:mailtoinfo@youremail.com'>mailtoinfo@youremail.com<\/a>\">\n        <\/div>\n    <\/div>\n    \n    <!--Map Info Box-->\n        \n    \n<\/section>\n<!--End Map Section--><\/div><\/div><\/div><\/div><\/section><section class=\"kc-elm kc-css-496638 kc_row\"><div class=\"kc-row-container  kc-container\"><div class=\"kc-wrap-columns\"><div class=\"kc-elm kc-css-422891 kc_column kc_col-sm-12\"><div class=\"kc-col-container\"><div class=\"kc-elm kc-css-559664\" style=\"height: 42px; clear: both; width:100%;\"><\/div><div class=\"kc-elm kc-css-547308 kc_google_maps kc_shortcode\"><div style=\"height: 350px\" class=\"kc-google-maps\"><iframe loading=\"lazy\" src=\"https:\/\/www.google.com\/maps\/embed?pb=!1m18!1m12!1m3!1d12270.428678950257!2d30.017065231298677!3d39.74847412117218!2m3!1f0!2f0!3f0!3m2!1i1024!2i768!4f13.1!3m3!1m2!1s0x14cbfc67594b2a1b%3A0x615a185435873c94!2zRXJlbmvDtnksIDI2NjkwIMSwbsO2bsO8L0Vza2nFn2VoaXI!5e0!3m2!1str!2str!4v1573493056370!5m2!1str!2str\" width=\"100%\" height=\"350\" frameborder=\"0\" style=\"border:0;\" allowfullscreen=\"\"><\/iframe><\/div><\/div><\/div><\/div><\/div><\/div><\/section><\/p>\n","protected":false},"excerpt":{"rendered":"","protected":false},"author":1,"featured_media":0,"parent":0,"menu_order":0,"comment_status":"closed","ping_status":"closed","template":"tpl-king_composer.php","meta":{"footnotes":""},"class_list":["post-281","page","type-page","status-publish","hentry"],"_links":{"self":[{"href":"http:\/\/akmasmadencilik.com\/index.php\/wp-json\/wp\/v2\/pages\/281","targetHints":{"allow":["GET"]}}],"collection":[{"href":"http:\/\/akmasmadencilik.com\/index.php\/wp-json\/wp\/v2\/pages"}],"about":[{"href":"http:\/\/akmasmadencilik.com\/index.php\/wp-json\/wp\/v2\/types\/page"}],"author":[{"embeddable":true,"href":"http:\/\/akmasmadencilik.com\/index.php\/wp-json\/wp\/v2\/users\/1"}],"replies":[{"embeddable":true,"href":"http:\/\/akmasmadencilik.com\/index.php\/wp-json\/wp\/v2\/comments?post=281"}],"version-history":[{"count":38,"href":"http:\/\/akmasmadencilik.com\/index.php\/wp-json\/wp\/v2\/pages\/281\/revisions"}],"predecessor-version":[{"id":1473,"href":"http:\/\/akmasmadencilik.com\/index.php\/wp-json\/wp\/v2\/pages\/281\/revisions\/1473"}],"wp:attachment":[{"href":"http:\/\/akmasmadencilik.com\/index.php\/wp-json\/wp\/v2\/media?parent=281"}],"curies":[{"name":"wp","href":"https:\/\/api.w.org\/{rel}","templated":true}]}}