{"id":935,"date":"2018-05-03T19:54:46","date_gmt":"2018-05-03T19:54:46","guid":{"rendered":"http:\/\/expert-themes.com\/wp\/global-industry\/?page_id=7"},"modified":"2019-11-05T21:31:12","modified_gmt":"2019-11-05T18:31:12","slug":"akmas-madencilik","status":"publish","type":"page","link":"https:\/\/akmasmadencilik.com\/","title":{"rendered":"Akma\u015f Madencilik"},"content":{"rendered":"<p><section class=\"kc-elm kc-css-860039 kc_row\"><div class=\"kc-row-container\"><div class=\"kc-wrap-columns\"><div class=\"kc-elm kc-css-70891 kc_col-sm-12 kc_column kc_col-sm-12\"><div class=\"kc-col-container\">\n\t<!--Main Slider-->\n\t<section class=\"main-slider\" data-start-height=\"900\" data-slide-overlay=\"yes\">\n\t\t\n\t\t\t<!-- START Slider new REVOLUTION SLIDER 6.0.9 --><p class=\"rs-p-wp-fix\"><\/p>\n\t\t\t<rs-module-wrap id=\"rev_slider_5_1_wrapper\" data-source=\"gallery\" style=\"background:transparent;padding:0;margin:0px auto;margin-top:0;margin-bottom:0;\">\n\t\t\t\t<rs-module id=\"rev_slider_5_1\" style=\"display:none;\" data-version=\"6.0.9\">\n\t\t\t\t\t<rs-slides>\n\t\t\t\t\t\t<rs-slide data-key=\"rs-11\" data-title=\"Slide\" data-thumb=\"\/\/akmasmadencilik.com\/wp-content\/uploads\/2019\/10\/akmas-madencilik-slider1-50x100.png\" data-anim=\"ei:d;eo:d;s:1000;r:0;t:fade;sl:0;\">\n\t\t\t\t\t\t\t<img loading=\"lazy\" decoding=\"async\" src=\"\/\/akmasmadencilik.com\/wp-content\/uploads\/2019\/10\/akmas-madencilik-slider1.png\" title=\"akmas-madencilik-slider1\" width=\"1920\" height=\"780\" class=\"rev-slidebg\" data-no-retina>\n<!--\n\t\t\t\t\t\t\t--><h2\n\t\t\t\t\t\t\t\tid=\"slider-5-slide-11-layer-13\" \n\t\t\t\t\t\t\t\tclass=\"rs-layer\"\n\t\t\t\t\t\t\t\tdata-type=\"text\"\n\t\t\t\t\t\t\t\tdata-color=\"#ffffff\"\n\t\t\t\t\t\t\t\tdata-rsp_ch=\"on\"\n\t\t\t\t\t\t\t\tdata-xy=\"x:91px;y:160px;\"\n\t\t\t\t\t\t\t\tdata-text=\"w:normal;s:25;l:29;\"\n\t\t\t\t\t\t\t\tdata-dim=\"w:525px;h:152px;\"\n\t\t\t\t\t\t\t\tdata-frame_1=\"e:Power4.easeInOut;st:360;sp:810;sR:360;\"\n\t\t\t\t\t\t\t\tdata-frame_999=\"o:0;st:w;sR:5830;\"\n\t\t\t\t\t\t\t\tstyle=\"z-index:6;font-family:Montserrat;\"\n\t\t\t\t\t\t\t><span style=\"font-weight: 700; text-shadow: 0 0 3px #1e1e1e, 0 0 5px #1e1e1e;\">Madencilik, Nakliyat ve <br \/>\n\u0130n\u015faat Sekt\u00f6rlerinde <br \/>\nUzun Y\u0131llara Dayanan<br \/>\nTecr\u00fcbe ile Hizmet Vermekteyiz.<\/span> \n\t\t\t\t\t\t\t<\/h2><!--\n-->\t\t\t\t\t\t<\/rs-slide>\n\t\t\t\t\t\t<rs-slide data-key=\"rs-12\" data-title=\"Slide\" data-thumb=\"\/\/akmasmadencilik.com\/wp-content\/uploads\/2019\/10\/akmas-madencilik-slider2-50x100.png\" data-anim=\"ei:d;eo:d;s:1000;r:0;t:fade;sl:0;\">\n\t\t\t\t\t\t\t<img loading=\"lazy\" decoding=\"async\" src=\"\/\/akmasmadencilik.com\/wp-content\/uploads\/2019\/10\/akmas-madencilik-slider2.png\" title=\"akmas-madencilik-slider2\" width=\"1920\" height=\"780\" class=\"rev-slidebg\" data-no-retina>\n<!--\n\t\t\t\t\t\t\t--><h2\n\t\t\t\t\t\t\t\tid=\"slider-5-slide-12-layer-14\" \n\t\t\t\t\t\t\t\tclass=\"rs-layer\"\n\t\t\t\t\t\t\t\tdata-type=\"text\"\n\t\t\t\t\t\t\t\tdata-color=\"#ffffff\"\n\t\t\t\t\t\t\t\tdata-rsp_ch=\"on\"\n\t\t\t\t\t\t\t\tdata-xy=\"x:600px;y:122px;\"\n\t\t\t\t\t\t\t\tdata-text=\"w:normal;s:25;l:29;\"\n\t\t\t\t\t\t\t\tdata-dim=\"w:525px;h:152px;\"\n\t\t\t\t\t\t\t\tdata-frame_1=\"e:Power4.easeInOut;st:380;sp:810;sR:380;\"\n\t\t\t\t\t\t\t\tdata-frame_999=\"o:0;st:w;sR:5810;\"\n\t\t\t\t\t\t\t\tstyle=\"z-index:6;font-family:Montserrat;\"\n\t\t\t\t\t\t\t><span style=\"font-weight: 700; text-shadow: 0 0 3px #1e1e1e, 0 0 5px #1e1e1e;\">Manyezit Madeni <br \/>\nTesisimizin Genel G\u00f6r\u00fcn\u00fcm\u00fc<\/span> \n\t\t\t\t\t\t\t<\/h2><!--\n-->\t\t\t\t\t\t<\/rs-slide>\n\t\t\t\t\t\t<rs-slide data-key=\"rs-13\" data-title=\"Slide\" data-thumb=\"\/\/akmasmadencilik.com\/wp-content\/uploads\/2019\/10\/akmas-madencilik-slider-4-50x100.png\" data-anim=\"ei:d;eo:d;s:1000;r:0;t:fade;sl:0;\">\n\t\t\t\t\t\t\t<img loading=\"lazy\" decoding=\"async\" src=\"\/\/akmasmadencilik.com\/wp-content\/uploads\/2019\/10\/akmas-madencilik-slider-4.png\" title=\"akmas-madencilik-slider-4\" width=\"1920\" height=\"780\" class=\"rev-slidebg\" data-no-retina>\n<!--\n\t\t\t\t\t\t\t--><h2\n\t\t\t\t\t\t\t\tid=\"slider-5-slide-13-layer-15\" \n\t\t\t\t\t\t\t\tclass=\"rs-layer\"\n\t\t\t\t\t\t\t\tdata-type=\"text\"\n\t\t\t\t\t\t\t\tdata-color=\"#ffffff\"\n\t\t\t\t\t\t\t\tdata-rsp_ch=\"on\"\n\t\t\t\t\t\t\t\tdata-xy=\"x:94px;y:220px;\"\n\t\t\t\t\t\t\t\tdata-text=\"w:normal;s:25;l:29;\"\n\t\t\t\t\t\t\t\tdata-dim=\"w:525px;h:152px;\"\n\t\t\t\t\t\t\t\tdata-frame_1=\"e:Power4.easeInOut;st:380;sp:810;sR:380;\"\n\t\t\t\t\t\t\t\tdata-frame_999=\"o:0;st:w;sR:5810;\"\n\t\t\t\t\t\t\t\tstyle=\"z-index:6;font-family:Montserrat;\"\n\t\t\t\t\t\t\t><span style=\"font-weight: 700; text-shadow: 0 0 3px #1e1e1e, 0 0 5px #1e1e1e;\">Manyezit \u00dcretimi \u0130\u00e7in<br \/>\nROLL SEPERAT\u00d6R ve<br \/>\nTAMBUR SEPERAT\u00d6R  Kullan\u0131lmaktad\u0131r. <\/span> \n\t\t\t\t\t\t\t<\/h2><!--\n-->\t\t\t\t\t\t<\/rs-slide>\n\t\t\t\t\t\t<rs-slide data-key=\"rs-14\" data-title=\"Slide\" data-thumb=\"\/\/akmasmadencilik.com\/wp-content\/uploads\/2019\/10\/akmas-madencilik-slider-3-50x100.png\" data-anim=\"ei:d;eo:d;s:1000;r:0;t:fade;sl:0;\">\n\t\t\t\t\t\t\t<img loading=\"lazy\" decoding=\"async\" src=\"\/\/akmasmadencilik.com\/wp-content\/uploads\/2019\/10\/akmas-madencilik-slider-3.png\" title=\"akmas-madencilik-slider-3\" width=\"1920\" height=\"780\" class=\"rev-slidebg\" data-no-retina>\n<!--\n\t\t\t\t\t\t\t--><h2\n\t\t\t\t\t\t\t\tid=\"slider-5-slide-14-layer-16\" \n\t\t\t\t\t\t\t\tclass=\"rs-layer\"\n\t\t\t\t\t\t\t\tdata-type=\"text\"\n\t\t\t\t\t\t\t\tdata-color=\"#ffffff\"\n\t\t\t\t\t\t\t\tdata-rsp_ch=\"on\"\n\t\t\t\t\t\t\t\tdata-xy=\"x:118px;y:205px;\"\n\t\t\t\t\t\t\t\tdata-text=\"w:normal;s:25;l:29;\"\n\t\t\t\t\t\t\t\tdata-dim=\"w:525px;h:152px;\"\n\t\t\t\t\t\t\t\tdata-frame_1=\"e:Power4.easeInOut;st:380;sp:810;sR:380;\"\n\t\t\t\t\t\t\t\tdata-frame_999=\"o:0;st:w;sR:5810;\"\n\t\t\t\t\t\t\t\tstyle=\"z-index:6;font-family:Montserrat;\"\n\t\t\t\t\t\t\t><span style=\"font-weight: 700; text-shadow: 0 0 3px #1e1e1e, 0 0 5px #1e1e1e;\">\u00dcretim Kapasitemizi<br \/>\nArt\u0131rmak \u0130\u00e7in<br \/>\nYat\u0131r\u0131mlar\u0131m\u0131z S\u00fcrekli<br \/>\nDevam Etmektedir. <\/span> \n\t\t\t\t\t\t\t<\/h2><!--\n-->\t\t\t\t\t\t<\/rs-slide>\n\t\t\t\t\t\t<rs-slide data-key=\"rs-15\" data-title=\"Slide\" data-thumb=\"\/\/akmasmadencilik.com\/wp-content\/uploads\/2019\/10\/akmas-madencilik-slider-5-50x100.png\" data-anim=\"ei:d;eo:d;s:1000;r:0;t:fade;sl:0;\">\n\t\t\t\t\t\t\t<img loading=\"lazy\" decoding=\"async\" src=\"\/\/akmasmadencilik.com\/wp-content\/uploads\/2019\/10\/akmas-madencilik-slider-5.png\" title=\"akmas-madencilik-slider-5\" width=\"1920\" height=\"780\" class=\"rev-slidebg\" data-no-retina>\n<!--\n\t\t\t\t\t\t\t--><h2\n\t\t\t\t\t\t\t\tid=\"slider-5-slide-15-layer-17\" \n\t\t\t\t\t\t\t\tclass=\"rs-layer\"\n\t\t\t\t\t\t\t\tdata-type=\"text\"\n\t\t\t\t\t\t\t\tdata-color=\"#ffffff\"\n\t\t\t\t\t\t\t\tdata-rsp_ch=\"on\"\n\t\t\t\t\t\t\t\tdata-xy=\"x:107px;y:314px;\"\n\t\t\t\t\t\t\t\tdata-text=\"w:normal;s:25;l:29;\"\n\t\t\t\t\t\t\t\tdata-dim=\"w:525px;h:152px;\"\n\t\t\t\t\t\t\t\tdata-frame_1=\"e:Power4.easeInOut;st:380;sp:810;sR:380;\"\n\t\t\t\t\t\t\t\tdata-frame_999=\"o:0;st:w;sR:5810;\"\n\t\t\t\t\t\t\t\tstyle=\"z-index:6;font-family:Montserrat;\"\n\t\t\t\t\t\t\t><span style=\"font-weight: 700; text-shadow: 0 0 3px #1e1e1e, 0 0 5px #1e1e1e;\">Manyeziti;<br \/>\nHer T\u00fcrl\u00fc Boyut ve<br \/>\nKalitede \u00dcretmekteyiz. <\/span> \n\t\t\t\t\t\t\t<\/h2><!--\n-->\t\t\t\t\t\t<\/rs-slide>\n\t\t\t\t\t<\/rs-slides>\n\t\t\t\t\t<rs-progress class=\"rs-bottom\" style=\"visibility: hidden !important;\"><\/rs-progress>\n\t\t\t\t<\/rs-module>\n\t\t\t\t<script type=\"text\/javascript\">\n\t\t\t\t\tsetREVStartSize({c: 'rev_slider_5_1',rl:[1240,1024,778,480],el:[500],gw:[1240],gh:[500],layout:'fullwidth',mh:\"0\"});\n\t\t\t\t\tvar\trevapi5,\n\t\t\t\t\t\ttpj;\n\t\t\t\t\tjQuery(function() {\n\t\t\t\t\t\ttpj = jQuery;\n\t\t\t\t\t\tif(tpj(\"#rev_slider_5_1\").revolution == undefined){\n\t\t\t\t\t\t\trevslider_showDoubleJqueryError(\"#rev_slider_5_1\");\n\t\t\t\t\t\t}else{\n\t\t\t\t\t\t\trevapi5 = tpj(\"#rev_slider_5_1\").show().revolution({\n\t\t\t\t\t\t\t\tjsFileLocation:\"\/\/akmasmadencilik.com\/wp-content\/plugins\/revslider\/public\/assets\/js\/\",\n\t\t\t\t\t\t\t\tsliderLayout:\"fullwidth\",\n\t\t\t\t\t\t\t\tduration:\"7000ms\",\n\t\t\t\t\t\t\t\tvisibilityLevels:\"1240,1024,778,480\",\n\t\t\t\t\t\t\t\tgridwidth:1240,\n\t\t\t\t\t\t\t\tgridheight:500,\n\t\t\t\t\t\t\t\tminHeight:\"\",\n\t\t\t\t\t\t\t\tspinner:\"spinner7\",\n\t\t\t\t\t\t\t\teditorheight:\"500,768,960,720\",\n\t\t\t\t\t\t\t\tresponsiveLevels:\"1240,1024,778,480\",\n\t\t\t\t\t\t\t\tdisableProgressBar:\"on\",\n\t\t\t\t\t\t\t\tnavigation: {\n\t\t\t\t\t\t\t\t\tonHoverStop:false,\n\t\t\t\t\t\t\t\t\tarrows: {\n\t\t\t\t\t\t\t\t\t\tenable:true,\n\t\t\t\t\t\t\t\t\t\tstyle:\"hesperiden\",\n\t\t\t\t\t\t\t\t\t\tleft: {\n\t\t\t\t\t\t\t\t\t\t\th_offset:30\n\t\t\t\t\t\t\t\t\t\t},\n\t\t\t\t\t\t\t\t\t\tright: {\n\t\t\t\t\t\t\t\t\t\t\th_offset:30\n\t\t\t\t\t\t\t\t\t\t}\n\t\t\t\t\t\t\t\t\t}\n\t\t\t\t\t\t\t\t},\n\t\t\t\t\t\t\t\tscrolleffect: {\n\t\t\t\t\t\t\t\t\tset:true,\n\t\t\t\t\t\t\t\t\tfade:true,\n\t\t\t\t\t\t\t\t\tblur:true,\n\t\t\t\t\t\t\t\t\tmultiplicator:1.3,\n\t\t\t\t\t\t\t\t\tmultiplicator_layers:1.3,\n\t\t\t\t\t\t\t\t\tmobile:true\n\t\t\t\t\t\t\t\t},\n\t\t\t\t\t\t\t\tfallbacks: {\n\t\t\t\t\t\t\t\t\tallowHTML5AutoPlayOnAndroid:true\n\t\t\t\t\t\t\t\t},\n\t\t\t\t\t\t\t});\n\t\t\t\t\t\t}\n\t\t\t\t\t\t\n\t\t\t\t\t});\n\t\t\t\t<\/script>\n\t\t\t\t<script>\n\t\t\t\t\tvar htmlDivCss = unescape(\"%23rev_slider_5_1_wrapper%20.hesperiden.tparrows%20%7B%0A%09cursor%3Apointer%3B%0A%09background%3Argba%280%2C0%2C0%2C0.5%29%3B%0A%09width%3A40px%3B%0A%09height%3A40px%3B%0A%09position%3Aabsolute%3B%0A%09display%3Ablock%3B%0A%09z-index%3A1000%3B%0A%20%20%20%20border-radius%3A%2050%25%3B%0A%7D%0A%23rev_slider_5_1_wrapper%20.hesperiden.tparrows%3Ahover%20%7B%0A%09background%3A%23000000%3B%0A%7D%0A%23rev_slider_5_1_wrapper%20.hesperiden.tparrows%3Abefore%20%7B%0A%09font-family%3A%20%27revicons%27%3B%0A%09font-size%3A20px%3B%0A%09color%3A%23ffffff%3B%0A%09display%3Ablock%3B%0A%09line-height%3A%2040px%3B%0A%09text-align%3A%20center%3B%0A%7D%0A%23rev_slider_5_1_wrapper%20.hesperiden.tparrows.tp-leftarrow%3Abefore%20%7B%0A%09content%3A%20%27%5Ce82c%27%3B%0A%20%20%20%20margin-left%3A-3px%3B%0A%7D%0A%23rev_slider_5_1_wrapper%20.hesperiden.tparrows.tp-rightarrow%3Abefore%20%7B%0A%09content%3A%20%27%5Ce82d%27%3B%0A%20%20%20%20margin-right%3A-3px%3B%0A%7D%0A\");\n\t\t\t\t\tvar htmlDiv = document.getElementById('rs-plugin-settings-inline-css');\n\t\t\t\t\tif(htmlDiv) {\n\t\t\t\t\t\thtmlDiv.innerHTML = htmlDiv.innerHTML + htmlDivCss;\n\t\t\t\t\t}else{\n\t\t\t\t\t\tvar htmlDiv = document.createElement('div');\n\t\t\t\t\t\thtmlDiv.innerHTML = '<style>' + htmlDivCss + '<\/style>';\n\t\t\t\t\t\tdocument.getElementsByTagName('head')[0].appendChild(htmlDiv.childNodes[0]);\n\t\t\t\t\t}\n\t\t\t\t<\/script>\n\t\t\t<\/rs-module-wrap>\n\t\t\t<!-- END REVOLUTION SLIDER -->\n\t<\/section>\n\t<!--End Main Slider-->\n\n<\/div><\/div><\/div><\/div><\/section><section class=\"kc-elm kc-css-100418 kc_row\"><div class=\"kc-row-container  kc-container\"><div class=\"kc-wrap-columns\"><div class=\"kc-elm kc-css-236513 kc_col-sm-12 kc_column kc_col-sm-12\"><div class=\"kc-col-container\"> \r\n<\/div><\/div><\/div><\/div><\/section><section class=\"kc-elm kc-css-935628 kc_row\"><div class=\"kc-row-container\"><div class=\"kc-wrap-columns\"><div class=\"kc-elm kc-css-61743 kc_col-sm-12 kc_column kc_col-sm-12\"><div class=\"kc-col-container\"><!--Welcome Section-->\n<section class=\"welcome-section\">\n    <div class=\"auto-container\">\n        <div class=\"row clearfix\">\n            \n            <!--Content Column-->\n            <div class=\"content-column col-md-7 col-sm-12 col-xs-12\">\n                <div class=\"inner-column\">\n                    <h2><span>AKMA\u015e MADENC\u0130L\u0130K<\/span><\/h2>\n                    <div class=\"text\">\n                        <p><b><span style=\"font-size:14px;line-height:13px\">\r\n\u015eirketimiz, Eski\u015fehir ili \u00e7evresinde, manyezit madeni alan\u0131nda faaliyet g\u00f6stermektedir.  Ger\u00e7ekle\u015ftirdi\u011fimiz madencilik faaliyetlerinde manyezitin t\u00fcvenan halinden; k\u0131rma, eleme, triyaj i\u015flemleri sonucunda ham <a href=\"http:\/\/akmasmadencilik.com\/index.php\/manyezit-nedir\/\">manyezit<\/a> elde edilmekte ve   elde edilen ham manyezit \u00e7al\u0131\u015ft\u0131\u011f\u0131m\u0131z \u015firketlerin ihtiya\u00e7lar\u0131na uygun bir \u015fekilde sevkiyat ger\u00e7ekle\u015ftirilmektedir.  \r\n<\/span><\/b><\/p>\n                        <h3><\/h3>\n                        <p><b><span style=\"font-size:14px;line-height:13px\">\u015eirketimiz sekt\u00f6rel ihtiya\u00e7 ve teknolojik yenilikler do\u011frultusunda yeni maden sahalar\u0131 aramaktad\u0131r.  Yeni \u00fcretim faaliyetleri konusunda geli\u015fen madencilik sekt\u00f6r\u00fcndeki de\u011fi\u015fimleri yak\u0131ndan takip etmekte ve uygulamaktad\u0131r. Yat\u0131r\u0131mlar \u00f6ncesinde manyezit rezervinin ne kadar devam edebilece\u011fi ve manyezit damar kal\u0131nl\u0131\u011f\u0131n\u0131 belirleyebilmek i\u00e7in gereken yatay ve dikey sondajlar, sondajlarla elde edilen bilgiler \u0131\u015f\u0131\u011f\u0131nda yery\u00fcz\u00fcn\u00fcn jeolojik ve jeofiziki olarak haritaland\u0131r\u0131lmas\u0131 i\u015flemleri titizlikle ger\u00e7ekle\u015ftirilmektedir. Sonras\u0131nda i\u015flenecek manyezitin ekonomik yeterlili\u011fi, \u00f6ng\u00f6r\u00fclen maliyete g\u00f6re a\u00e7\u0131k m\u0131 yoksa kapal\u0131 i\u015fletme olarak \u00e7al\u0131\u015fma karar\u0131 de\u011ferlendirilmektedir. Manyezitten al\u0131nan numunenin kalitesinin belirlenmesi i\u00e7in yap\u0131lan laboratuvar \u00e7al\u0131\u015fmalar\u0131    fizibilite et\u00fcdlerimizin \u00f6nemli bir par\u00e7as\u0131d\u0131r. <\/span><\/b>\r\n<\/p>\n                    <\/div>\n                    <a href=\"http:\/\/akmasmadencilik.com\/index.php\/biz-kimiz\/\" class=\"theme-btn btn-style-three\">B\u0130Z K\u0130M\u0130Z?<\/a>\n                <\/div>\n            <\/div>\n            \n            <!--image Column-->\n            <div class=\"image-column col-md-5 col-sm-12 col-xs-12\">\n                <div class=\"image\">\n                    <img decoding=\"async\" src=\"http:\/\/akmasmadencilik.com\/wp-content\/uploads\/2019\/11\/biz-kimiz-anasayfa.jpg\" alt=\"Welcome banner Image\" \/>\n                <\/div>\n            <\/div>\n            \n        <\/div>\n    <\/div>\n<\/section>\n<!--End Welcome Section--><\/div><\/div><\/div><\/div><\/section><section class=\"kc-elm kc-css-186977 kc_row\"><div class=\"kc-row-container\"><div class=\"kc-wrap-columns\"><div class=\"kc-elm kc-css-389319 kc_col-sm-12 kc_column kc_col-sm-12\"><div class=\"kc-col-container\"><\/div><\/div><\/div><\/div><\/section><section class=\"kc-elm kc-css-558530 kc_row\"><div class=\"kc-row-container\"><div class=\"kc-wrap-columns\"><div class=\"kc-elm kc-css-223857 kc_col-sm-12 kc_column kc_col-sm-12\"><div class=\"kc-col-container\"> \r\n<\/div><\/div><\/div><\/div><\/section><section class=\"kc-elm kc-css-179480 kc_row\"><div class=\"kc-row-container\"><div class=\"kc-wrap-columns\"><div class=\"kc-elm kc-css-954920 kc_col-sm-12 kc_column kc_col-sm-12\"><div class=\"kc-col-container\"> \r\n<\/div><\/div><\/div><\/div><\/section><section class=\"kc-elm kc-css-825817 kc_row\"><div class=\"kc-row-container  kc-container\"><div class=\"kc-wrap-columns\"><div class=\"kc-elm kc-css-504597 kc_col-sm-12 kc_column kc_col-sm-12\"><div class=\"kc-col-container\"><\/div><\/div><\/div><\/div><\/section><section class=\"kc-elm kc-css-508977 kc_row\"><div class=\"kc-row-container  kc-container\"><div class=\"kc-wrap-columns\"><div class=\"kc-elm kc-css-269010 kc_col-sm-12 kc_column kc_col-sm-12\"><div class=\"kc-col-container\">\n<\/div><\/div><\/div><\/div><\/section><section class=\"kc-elm kc-css-47816 kc_row\"><div class=\"kc-row-container\"><div class=\"kc-wrap-columns\"><div class=\"kc-elm kc-css-978392 kc_col-sm-12 kc_column kc_col-sm-12\"><div class=\"kc-col-container\"><!--Subscribe Section-->\n<section class=\"subscribe-section\">\n    <div class=\"auto-container\">\n        <div class=\"row clearfix\">\n            <div class=\"title-column col-md-6 col-sm-12 col-xs-12\">\n                <h2>Keep Up To Date<\/h2>\n                <div class=\"text\">Sign up for our newsletter and follow us on social media<\/div>\n            <\/div>\n            <div class=\"column col-md-6 col-sm-12 col-xs-12\">\n                <div class=\"subscribe-form-two\">\n                    <form method=\"get\" action=\"http:\/\/feedburner.google.com\/fb\/a\/mailverify\" accept-charset=\"utf-8\">\n                        <div class=\"form-group\">\n                            <input type=\"hidden\" id=\"uri3\" name=\"uri\" value=\"themeforest\">\n                            <input type=\"email\" name=\"email\" value=\"\" placeholder=\"Your email address\" required>\n                            <button type=\"submit\" class=\"theme-btn\">Subscribe<\/button>\n                        <\/div>\n                    <\/form>\n                <\/div>\n            <\/div>\n        <\/div>\n    <\/div>\n<\/section>\n<!--End Subscribe Section--><\/div><\/div><\/div><\/div><\/section><section class=\"kc-elm kc-css-474129 kc_row\"><div class=\"kc-row-container  kc-container\"><div class=\"kc-wrap-columns\"><div class=\"kc-elm kc-css-267957 kc_col-sm-12 kc_column kc_col-sm-12\"><div class=\"kc-col-container\"><!--Contact Info Section-->\n<section class=\"contact-info-section\">\n    <div class=\"auto-container\">\n        <div class=\"row clearfix\">\n            \n            <!--Info Column-->\n            <div class=\"info-column col-md-4 col-sm-12 col-xs-12\">\n                <div class=\"inner-column\">\n                    <div class=\"logo\">\n                        <a href=\"https:\/\/akmasmadencilik.com\/\"><img decoding=\"async\" src=\"http:\/\/akmasmadencilik.com\/wp-content\/uploads\/2019\/09\/logo.png\" alt=\"Logo\" \/><\/a>\n                    <\/div>\n                    <div class=\"text\"> \u015eirketimiz sekt\u00f6rel ihtiya\u00e7 ve teknolojik yenilikler do\u011frultusunda yeni maden sahalar\u0131 ve yeni \u00fcretim faaliyetleri konusunda geli\u015fen madencilik sekt\u00f6r\u00fcndeki yenilikleri takip etmekte ve ar-ge \u00e7al\u0131\u015fmalar\u0131na \u00f6nem vermektedir.<\/div>\n                    <!--List Style Three-->\n                    <ul class=\"list-style-three\">\n                                                \t<li><span class=\"icon flaticon-telephone\"><\/span><strong>+44 567 88888<\/strong>Mon-Fri, 9am until 6pm<\/li>\n                                                \t<li><span class=\"icon flaticon-note\"><\/span><strong>support@industry.com<\/strong>We reply within 24 hours<\/li>\n                                                \t<li><span class=\"icon fa-map-marker\"><\/span>Mountain Drive, Kensington, <br> London, United Kingdom.<\/li>\n                                            <\/ul>\n                <\/div>\n            <\/div>\n            <!--Form Column-->\n            <div class=\"form-column col-md-8 col-sm-12 col-xs-12\">\n                <div class=\"inner-column\">\n                    <div class=\"sec-title\">\n                        <h2>Contact Us<\/h2>\n                        <div class=\"separater\"><\/div>\n                    <\/div>\n                    <!-- Default Form -->\n                    <div class=\"default-form\">\n                        [contact-form-7 id=\"169\" title=\"Contact Us Form\"]                    <\/div>\n                    <!--End Default Form -->\n                <\/div>\n            <\/div>\n            \n        <\/div>\n    <\/div>\n<\/section>\n<!--End Contact Info Section--><\/div><\/div><\/div><\/div><\/section><section class=\"kc-elm kc-css-993619 kc_row\"><div class=\"kc-row-container\"><div class=\"kc-wrap-columns\"><div class=\"kc-elm kc-css-948888 kc_col-sm-12 kc_column kc_col-sm-12\"><div class=\"kc-col-container\">\n<!--Map Section-->\n<section class=\"map-section\">\n    <div class=\"auto-container1\">\n        <!--Map Outer-->\n        <div class=\"map-outer\">\n            <!--Map Canvas-->\n            <div class=\"map-canvas\"\n                data-zoom=\"3\"\n                data-lat=\"39.772800\"\n                data-lng=\"30.515527\"\n                data-type=\"roadmap\"\n                data-hue=\"#ffc400\"\n                data-title=\"Akmas Madencilik\"\n                data-icon-path=\"http:\/\/akmasmadencilik.com\/wp-content\/uploads\/2018\/08\/map-marker.png\"\n                data-content=\"\u0130stiklal Mah. Konuk Sok. 28 D:9 Odunpazar\u0131, Eski\u015fehir<br><a href='mailto:info@akmasmadencilik.com'>info@akmasmadencilik.com<\/a>\">\n            <\/div>\n        <\/div>\n        \n        <!--Map Info Box-->\n        <div class=\"map-info-box\">\n            <div class=\"info-inner\">\n                <!--List Style Two-->\n                <ul class=\"list-style-two\">\n                                        <li><span class=\"icon flaticon-telephone\"><\/span><strong>0222 225 34 32<\/strong>Pzt - Cuma \/ 09:00 - 18:00<\/li>\n                                        <li><span class=\"icon flaticon-note\"><\/span><strong>info@akmasmadencilik.com<\/strong>24 saat i\u00e7inde cevap veriyoruz<\/li>\n                                        <li><span class=\"icon fa-map-marker\"><\/span>\u0130stiklal Mah. Konuk Sok.<br> \r\n28 D:9 Odunpazar\u0131, Eski\u015fehir <\/li>\n                                    <\/ul>\n                \n            <\/div>\n        <\/div>\n        \n    <\/div>\n<\/section>\n<!--End Map Section--><\/div><\/div><\/div><\/div><\/section><section class=\"kc-elm kc-css-914908 kc_row\"><div class=\"kc-row-container\"><div class=\"kc-wrap-columns\"><div class=\"kc-elm kc-css-227001 kc_col-sm-12 kc_column kc_col-sm-12\"><div class=\"kc-col-container\"><!--Clients Section-->\n<section class=\"clients-section remove_top_padding\">\n    <div class=\"auto-container\">\n        <div class=\"row clearfix\">\n            \n            <!--Title Column-->\n            <div class=\"title-column col-md-3 col-sm-12 col-xs-12\">\n                <h2>\u0130\u015e ORTAKLARIMIZ<\/h2>\n            <\/div>\n            <!--Clients Column-->\n            <div class=\"clients-column col-md-9 col-sm-12 col-xs-12\">\n                <div class=\"sponsors-outer\">\n                    <!--Sponsors Carousel-->\n                    <ul class=\"sponsors-carousel owl-carousel owl-theme\">\n                                                <li class=\"slide-item\"><figure class=\"image-box\"><a href=\"#\"><img decoding=\"async\" src=\"https:\/\/akmasmadencilik.com\/wp-content\/plugins\/kingcomposer\/assets\/images\/get_start.jpg\" alt=\"Partner Image\"><\/a><\/figure><\/li>\n                                                <li class=\"slide-item\"><figure class=\"image-box\"><a href=\"#\"><img decoding=\"async\" src=\"https:\/\/akmasmadencilik.com\/wp-content\/plugins\/kingcomposer\/assets\/images\/get_start.jpg\" alt=\"Partner Image\"><\/a><\/figure><\/li>\n                                                <li class=\"slide-item\"><figure class=\"image-box\"><a href=\"#\"><img decoding=\"async\" src=\"https:\/\/akmasmadencilik.com\/wp-content\/plugins\/kingcomposer\/assets\/images\/get_start.jpg\" alt=\"Partner Image\"><\/a><\/figure><\/li>\n                                                <li class=\"slide-item\"><figure class=\"image-box\"><a href=\"#\"><img decoding=\"async\" src=\"https:\/\/akmasmadencilik.com\/wp-content\/plugins\/kingcomposer\/assets\/images\/get_start.jpg\" alt=\"Partner Image\"><\/a><\/figure><\/li>\n                                                <li class=\"slide-item\"><figure class=\"image-box\"><a href=\"#\"><img decoding=\"async\" src=\"https:\/\/akmasmadencilik.com\/wp-content\/plugins\/kingcomposer\/assets\/images\/get_start.jpg\" alt=\"Partner Image\"><\/a><\/figure><\/li>\n                                                <li class=\"slide-item\"><figure class=\"image-box\"><a href=\"#\"><img decoding=\"async\" src=\"https:\/\/akmasmadencilik.com\/wp-content\/plugins\/kingcomposer\/assets\/images\/get_start.jpg\" alt=\"Partner Image\"><\/a><\/figure><\/li>\n                                            <\/ul>\n                <\/div>\n            <\/div>\n            \n        <\/div>\n    <\/div>\n<\/section>\n<!--End Clients Section--><\/div><\/div><\/div><\/div><\/section><\/p>\n","protected":false},"excerpt":{"rendered":"","protected":false},"author":1,"featured_media":0,"parent":0,"menu_order":0,"comment_status":"closed","ping_status":"closed","template":"tpl-king_composer.php","meta":{"footnotes":""},"class_list":["post-935","page","type-page","status-publish","hentry"],"_links":{"self":[{"href":"https:\/\/akmasmadencilik.com\/index.php\/wp-json\/wp\/v2\/pages\/935","targetHints":{"allow":["GET"]}}],"collection":[{"href":"https:\/\/akmasmadencilik.com\/index.php\/wp-json\/wp\/v2\/pages"}],"about":[{"href":"https:\/\/akmasmadencilik.com\/index.php\/wp-json\/wp\/v2\/types\/page"}],"author":[{"embeddable":true,"href":"https:\/\/akmasmadencilik.com\/index.php\/wp-json\/wp\/v2\/users\/1"}],"replies":[{"embeddable":true,"href":"https:\/\/akmasmadencilik.com\/index.php\/wp-json\/wp\/v2\/comments?post=935"}],"version-history":[{"count":60,"href":"https:\/\/akmasmadencilik.com\/index.php\/wp-json\/wp\/v2\/pages\/935\/revisions"}],"predecessor-version":[{"id":1087,"href":"https:\/\/akmasmadencilik.com\/index.php\/wp-json\/wp\/v2\/pages\/935\/revisions\/1087"}],"wp:attachment":[{"href":"https:\/\/akmasmadencilik.com\/index.php\/wp-json\/wp\/v2\/media?parent=935"}],"curies":[{"name":"wp","href":"https:\/\/api.w.org\/{rel}","templated":true}]}}